{"id":39,"date":"2020-12-15T10:48:40","date_gmt":"2020-12-15T09:48:40","guid":{"rendered":"https:\/\/hardt-group.com\/?page_id=39"},"modified":"2025-01-27T11:53:55","modified_gmt":"2025-01-27T10:53:55","slug":"experts","status":"publish","type":"page","link":"http:\/\/hardt-group.com\/en\/experts\/","title":{"rendered":"Experts"},"content":{"rendered":"<p>[et_pb_section fb_built=&#8220;1&#8243; admin_label=&#8220;Intro&#8220; _builder_version=&#8220;4.16&#8243; bottom_divider_color=&#8220;#ffffff&#8220; bottom_divider_height=&#8220;80px&#8220; bottom_divider_flip=&#8220;vertical&#8220; locked=&#8220;off&#8220; collapsed=&#8220;off&#8220; global_colors_info=&#8220;{}&#8220;][et_pb_row _builder_version=&#8220;4.16&#8243; _module_preset=&#8220;default&#8220; custom_margin=&#8220;0px||||false|false&#8220; custom_padding=&#8220;0px||||false|false&#8220; global_colors_info=&#8220;{}&#8220;][et_pb_column type=&#8220;4_4&#8243; _builder_version=&#8220;4.16&#8243; _module_preset=&#8220;default&#8220; global_colors_info=&#8220;{}&#8220;][et_pb_text _builder_version=&#8220;4.16&#8243; _module_preset=&#8220;default&#8220; header_text_align=&#8220;center&#8220; global_colors_info=&#8220;{}&#8220;]<\/p>\n<h1 class=\"et_pb_module_header et-fb-editable-element et-fb-editable-element__editing\" contenteditable=\"true\" data-shortcode-id=\"0.0-1604600365797\" data-quickaccess-id=\"title\">WIR KENNEN UNS AUS.<\/h1>\n<p>[\/et_pb_text][et_pb_text _builder_version=&#8220;4.16&#8243; text_text_color=&#8220;#a8a8a8&#8243; text_font_size=&#8220;26px&#8220; text_line_height=&#8220;1.2em&#8220; text_orientation=&#8220;center&#8220; text_font_size_tablet=&#8220;26px&#8220; text_font_size_phone=&#8220;20px&#8220; text_font_size_last_edited=&#8220;on|phone&#8220; global_colors_info=&#8220;{}&#8220;]<\/p>\n<p>Wir alle verf\u00fcgen \u00fcber langj\u00e4hrige Berufserfahrung in renommierten Beratungsunternehmen. Daher sind wir bestens vertraut mit den strukturellen, organisatorischen und zwischenmenschlichen Dynamiken in Transformations\u00adprozessen.\u00a0Und lassen uns nicht aus der Ruhe bringen.<\/p>\n<p>[\/et_pb_text][\/et_pb_column][\/et_pb_row][\/et_pb_section][et_pb_section fb_built=&#8220;1&#8243; admin_label=&#8220;Portraits normal&#8220; _builder_version=&#8220;4.16&#8243; collapsed=&#8220;off&#8220; global_colors_info=&#8220;{}&#8220;][et_pb_row column_structure=&#8220;1_2,1_2&#8243; admin_label=&#8220;Row bkg elements top&#8220; _builder_version=&#8220;4.16&#8243; _module_preset=&#8220;default&#8220; positioning=&#8220;absolute&#8220; horizontal_offset=&#8220;0px&#8220; width=&#8220;100%&#8220; max_width=&#8220;100%&#8220; locked=&#8220;off&#8220; collapsed=&#8220;on&#8220; global_colors_info=&#8220;{}&#8220;][et_pb_column type=&#8220;1_2&#8243; _builder_version=&#8220;4.16&#8243; _module_preset=&#8220;default&#8220; global_colors_info=&#8220;{}&#8220;][et_pb_image src=&#8220;https:\/\/hardt-group.com\/wp-content\/uploads\/2020\/08\/triangle_stripes_02.png&#8220; title_text=&#8220;triangle_stripes_02&#8243; _builder_version=&#8220;4.16&#8243; _module_preset=&#8220;default&#8220; transform_scale=&#8220;150%|150%&#8220; transform_origin=&#8220;0%|50%&#8220; global_colors_info=&#8220;{}&#8220;][\/et_pb_image][\/et_pb_column][et_pb_column type=&#8220;1_2&#8243; _builder_version=&#8220;4.16&#8243; _module_preset=&#8220;default&#8220; global_colors_info=&#8220;{}&#8220;][\/et_pb_column][\/et_pb_row][et_pb_row column_structure=&#8220;1_2,1_2&#8243; admin_label=&#8220;Profiles1&#8243; _builder_version=&#8220;4.16&#8243; _module_preset=&#8220;default&#8220; module_alignment=&#8220;center&#8220; custom_margin=&#8220;||20px||false|false&#8220; custom_padding=&#8220;0px||0px||true|false&#8220; collapsed=&#8220;off&#8220; global_colors_info=&#8220;{}&#8220;][et_pb_column type=&#8220;1_2&#8243; admin_label=&#8220;Carsten&#8220; _builder_version=&#8220;4.16&#8243; _module_preset=&#8220;default&#8220; global_colors_info=&#8220;{}&#8220;][et_pb_image src=&#8220;https:\/\/hardt-group.com\/wp-content\/uploads\/2020\/10\/THG_experten_0001_01.png&#8220; alt=&#8220;THG_Experte&#8220; title_text=&#8220;THG_Experte&#8220; align=&#8220;center&#8220; module_class=&#8220;flip-box-front &#8220; _builder_version=&#8220;4.16&#8243; _module_preset=&#8220;default&#8220; z_index=&#8220;100&#8243; animation_style=&#8220;flip&#8220; animation_direction=&#8220;right&#8220; global_colors_info=&#8220;{}&#8220; filter_opacity__hover_enabled=&#8220;on|hover&#8220; filter_opacity__hover=&#8220;5%&#8220;][\/et_pb_image][et_pb_blurb content_max_width=&#8220;450px&#8220; admin_label=&#8220;Blurb&#8220; _builder_version=&#8220;4.18.1&#8243; body_text_color=&#8220;#a8a8a8&#8243; body_font_size=&#8220;13px&#8220; positioning=&#8220;absolute&#8220; position_origin_a=&#8220;center_center&#8220; position_origin_r=&#8220;bottom_left&#8220; text_orientation=&#8220;center&#8220; width=&#8220;100%&#8220; global_colors_info=&#8220;{}&#8220; background__hover_enabled=&#8220;off|desktop&#8220;]<\/p>\n<p>Gesch\u00e4ftsf\u00fchrer und Gr\u00fcnder von The Hardt Group. Verantwortungs\u00adtr\u00e4ger aus Leidenschaft. Hat in mehr als 20 Jahren hochkar\u00e4tiger Beratungsarbeit u. a. bei BCG schon so ziemlich alles gesehen. Dynamischer Ruhepol. Stellt Ihr individuelles Beratungsteam zusammen und steuert mit Adleraugen den Beratungsprozess<\/p>\n<p>[\/et_pb_blurb][\/et_pb_column][et_pb_column type=&#8220;1_2&#8243; admin_label=&#8220;Heinz&#8220; _builder_version=&#8220;4.16&#8243; _module_preset=&#8220;default&#8220; global_colors_info=&#8220;{}&#8220;][et_pb_image src=&#8220;https:\/\/hardt-group.com\/wp-content\/uploads\/2020\/10\/THG_experten_0002_02.png&#8220; alt=&#8220;THG_Experte&#8220; title_text=&#8220;THG_Experte&#8220; align=&#8220;center&#8220; module_class=&#8220;flip-box-front &#8220; _builder_version=&#8220;4.16&#8243; _module_preset=&#8220;default&#8220; z_index=&#8220;100&#8243; animation_style=&#8220;flip&#8220; animation_direction=&#8220;right&#8220; global_colors_info=&#8220;{}&#8220; filter_opacity__hover_enabled=&#8220;on|hover&#8220; filter_opacity__hover=&#8220;5%&#8220;][\/et_pb_image][et_pb_blurb content_max_width=&#8220;450px&#8220; _builder_version=&#8220;4.18.1&#8243; body_text_color=&#8220;#a8a8a8&#8243; body_font_size=&#8220;13px&#8220; positioning=&#8220;absolute&#8220; position_origin_a=&#8220;center_center&#8220; position_origin_r=&#8220;bottom_left&#8220; text_orientation=&#8220;center&#8220; width=&#8220;100%&#8220; global_colors_info=&#8220;{}&#8220; background__hover_enabled=&#8220;off|desktop&#8220;]<\/p>\n<p>Senior-Berater. Am\u00f6benz\u00e4hler mit Allradantrieb. Beschleunigt Transformationsprozesse mit \u00fcber 25 Jahren Automobil- und Beratungserfahrung. Meister der Finanzplanung. Zeigt Ihrer Task Force, wie man den Gang richtig einlegt, um schwarze Zahlen zu schreiben.<\/p>\n<p>[\/et_pb_blurb][\/et_pb_column][\/et_pb_row][et_pb_row column_structure=&#8220;1_2,1_2&#8243; admin_label=&#8220;Row bkg elements middle&#8220; _builder_version=&#8220;4.16&#8243; _module_preset=&#8220;default&#8220; positioning=&#8220;absolute&#8220; position_origin_a=&#8220;center_left&#8220; horizontal_offset=&#8220;0px&#8220; width=&#8220;100%&#8220; max_width=&#8220;100%&#8220; locked=&#8220;off&#8220; collapsed=&#8220;off&#8220; global_colors_info=&#8220;{}&#8220;][et_pb_column type=&#8220;1_2&#8243; _builder_version=&#8220;4.16&#8243; _module_preset=&#8220;default&#8220; global_colors_info=&#8220;{}&#8220;][et_pb_image src=&#8220;https:\/\/hardt-group.com\/wp-content\/uploads\/2020\/08\/triangle_stripes_07.png&#8220; title_text=&#8220;triangle_stripes_07&#8243; _builder_version=&#8220;4.16&#8243; _module_preset=&#8220;default&#8220; transform_scale=&#8220;150%|150%&#8220; transform_scale_tablet=&#8220;&#8220; transform_scale_phone=&#8220;&#8220; transform_scale_last_edited=&#8220;on|desktop&#8220; transform_translate=&#8220;177px|-6px&#8220; transform_translate_tablet=&#8220;82px|-23px&#8220; transform_translate_phone=&#8220;6px|-63px&#8220; transform_translate_last_edited=&#8220;on|desktop&#8220; transform_translate_linked=&#8220;off&#8220; transform_rotate_tablet=&#8220;&#8220; transform_rotate_phone=&#8220;&#8220; transform_rotate_last_edited=&#8220;on|desktop&#8220; transform_skew_tablet=&#8220;&#8220; transform_skew_phone=&#8220;&#8220; transform_skew_last_edited=&#8220;on|desktop&#8220; transform_origin_tablet=&#8220;&#8220; transform_origin_phone=&#8220;&#8220; transform_origin_last_edited=&#8220;on|desktop&#8220; transform_styles_last_edited=&#8220;on|desktop&#8220; transform_styles_tablet=&#8220;&#8220; transform_styles_phone=&#8220;&#8220; global_colors_info=&#8220;{}&#8220;][\/et_pb_image][\/et_pb_column][et_pb_column type=&#8220;1_2&#8243; _builder_version=&#8220;4.16&#8243; _module_preset=&#8220;default&#8220; global_colors_info=&#8220;{}&#8220;][et_pb_image src=&#8220;https:\/\/hardt-group.com\/wp-content\/uploads\/2020\/08\/triangle_stripes_05.png&#8220; title_text=&#8220;triangle_stripes_05&#8243; align=&#8220;right&#8220; _builder_version=&#8220;4.16&#8243; _module_preset=&#8220;default&#8220; transform_scale=&#8220;180%|180%&#8220; transform_scale_tablet=&#8220;220%|220%&#8220; transform_scale_phone=&#8220;&#8220; transform_scale_last_edited=&#8220;on|tablet&#8220; transform_translate=&#8220;-240px|-38px&#8220; transform_translate_tablet=&#8220;-195px|73px&#8220; transform_translate_phone=&#8220;-82px|7px&#8220; transform_translate_last_edited=&#8220;on|phone&#8220; transform_rotate_tablet=&#8220;&#8220; transform_rotate_phone=&#8220;&#8220; transform_rotate_last_edited=&#8220;on|desktop&#8220; transform_skew_tablet=&#8220;&#8220; transform_skew_phone=&#8220;&#8220; transform_skew_last_edited=&#8220;on|desktop&#8220; transform_origin_tablet=&#8220;&#8220; transform_origin_phone=&#8220;&#8220; transform_origin_last_edited=&#8220;on|desktop&#8220; transform_styles_last_edited=&#8220;on|phone&#8220; transform_styles_tablet=&#8220;&#8220; transform_styles_phone=&#8220;&#8220; global_colors_info=&#8220;{}&#8220;][\/et_pb_image][\/et_pb_column][\/et_pb_row][et_pb_row column_structure=&#8220;1_2,1_2&#8243; admin_label=&#8220;Profiles2&#8243; _builder_version=&#8220;4.16&#8243; _module_preset=&#8220;default&#8220; custom_margin=&#8220;||20px||false|false&#8220; custom_padding=&#8220;0px||0px||true|false&#8220; collapsed=&#8220;off&#8220; global_colors_info=&#8220;{}&#8220;][et_pb_column type=&#8220;1_2&#8243; admin_label=&#8220;Matthias&#8220; _builder_version=&#8220;4.16&#8243; _module_preset=&#8220;default&#8220; global_colors_info=&#8220;{}&#8220;][et_pb_image src=&#8220;https:\/\/hardt-group.com\/wp-content\/uploads\/2020\/11\/THG_experten_0003_03.png&#8220; alt=&#8220;THG_Experte&#8220; title_text=&#8220;THG_Experte&#8220; align=&#8220;center&#8220; module_class=&#8220;flip-box-front &#8220; _builder_version=&#8220;4.16&#8243; _module_preset=&#8220;default&#8220; z_index=&#8220;100&#8243; animation_style=&#8220;flip&#8220; animation_direction=&#8220;right&#8220; global_colors_info=&#8220;{}&#8220; filter_opacity__hover_enabled=&#8220;on|hover&#8220; filter_opacity__hover=&#8220;5%&#8220;][\/et_pb_image][et_pb_blurb content_max_width=&#8220;450px&#8220; admin_label=&#8220;Blurb&#8220; _builder_version=&#8220;4.18.1&#8243; body_text_color=&#8220;#a8a8a8&#8243; body_font_size=&#8220;13px&#8220; positioning=&#8220;absolute&#8220; position_origin_a=&#8220;center_center&#8220; position_origin_r=&#8220;bottom_left&#8220; text_orientation=&#8220;center&#8220; width=&#8220;100%&#8220; hover_enabled=&#8220;0&#8243; global_colors_info=&#8220;{}&#8220; background__hover_enabled=&#8220;off|desktop&#8220; sticky_enabled=&#8220;0&#8243;]<\/p>\n<p>Senior-Berater. Konstruktiver Menschenkenner. Stellt seit 18 Jahren Belegschaften so auf, dass sie gut durch den Wandel kommen. Genialer Organisationsdirigent. Hat ein untr\u00fcgliches Gesp\u00fcr f\u00fcr die richtigen Fragen. Fordert damit Strukturen heraus und \u00fcberholt sie.<\/p>\n<p>[\/et_pb_blurb][\/et_pb_column][et_pb_column type=&#8220;1_2&#8243; admin_label=&#8220;Wolfgang&#8220; _builder_version=&#8220;4.16&#8243; _module_preset=&#8220;default&#8220; global_colors_info=&#8220;{}&#8220;][et_pb_image src=&#8220;https:\/\/hardt-group.com\/wp-content\/uploads\/2020\/10\/THG_experten_0004_04.png&#8220; alt=&#8220;THG_Experte&#8220; title_text=&#8220;THG_Experte&#8220; align=&#8220;center&#8220; module_class=&#8220;flip-box-front &#8220; _builder_version=&#8220;4.16&#8243; _module_preset=&#8220;default&#8220; z_index=&#8220;100&#8243; animation_style=&#8220;flip&#8220; animation_direction=&#8220;right&#8220; global_colors_info=&#8220;{}&#8220; filter_opacity__hover_enabled=&#8220;on|hover&#8220; filter_opacity__hover=&#8220;5%&#8220;][\/et_pb_image][et_pb_blurb content_max_width=&#8220;450px&#8220; _builder_version=&#8220;4.16&#8243; body_text_color=&#8220;#a8a8a8&#8243; body_font_size=&#8220;13px&#8220; positioning=&#8220;absolute&#8220; position_origin_a=&#8220;center_center&#8220; position_origin_r=&#8220;bottom_left&#8220; text_orientation=&#8220;center&#8220; width=&#8220;100%&#8220; global_colors_info=&#8220;{}&#8220; background__hover_enabled=&#8220;off|desktop&#8220;]<\/p>\n<p>Senior-Berater. Alter H\u00fcpfer mit Maschinenraum im Herzen. Macht seit \u00fcber 30 Jahren kurzen Prozess mit ineffizienten Prozessen. Produktions- und Logistikoptimierer mit grauen Schl\u00e4fen und rotem Faden. Steht auch mal morgens um sechs mit ihren Leuten an der Maschine.<\/p>\n<p>[\/et_pb_blurb][\/et_pb_column][\/et_pb_row][et_pb_row column_structure=&#8220;1_2,1_2&#8243; admin_label=&#8220;Profiles3&#8243; _builder_version=&#8220;4.16&#8243; _module_preset=&#8220;default&#8220; positioning=&#8220;none&#8220; custom_margin=&#8220;||20px||false|false&#8220; custom_padding=&#8220;0px||0px||true|false&#8220; collapsed=&#8220;off&#8220; global_colors_info=&#8220;{}&#8220;][et_pb_column type=&#8220;1_2&#8243; admin_label=&#8220;Willi&#8220; _builder_version=&#8220;4.16&#8243; _module_preset=&#8220;default&#8220; global_colors_info=&#8220;{}&#8220;][et_pb_image src=&#8220;https:\/\/hardt-group.com\/wp-content\/uploads\/2020\/10\/THG_experten_0005_05.png&#8220; alt=&#8220;THG_Experte&#8220; title_text=&#8220;THG_Experte&#8220; align=&#8220;center&#8220; module_class=&#8220;flip-box-front &#8220; _builder_version=&#8220;4.16&#8243; _module_preset=&#8220;default&#8220; z_index=&#8220;100&#8243; animation_style=&#8220;flip&#8220; animation_direction=&#8220;right&#8220; global_colors_info=&#8220;{}&#8220; filter_opacity__hover_enabled=&#8220;on|hover&#8220; filter_opacity__hover=&#8220;5%&#8220;][\/et_pb_image][et_pb_blurb content_max_width=&#8220;450px&#8220; _builder_version=&#8220;4.18.1&#8243; body_text_color=&#8220;#a8a8a8&#8243; body_font_size=&#8220;13px&#8220; positioning=&#8220;absolute&#8220; position_origin_a=&#8220;center_center&#8220; position_origin_r=&#8220;bottom_left&#8220; text_orientation=&#8220;center&#8220; width=&#8220;100%&#8220; global_colors_info=&#8220;{}&#8220; background__hover_enabled=&#8220;off|desktop&#8220;]<\/p>\n<p>Berater. Junger Wilder. Will nach 10 Jahren Top-Management-Beratung endlich richtig loslegen. Hungriges Multitalent. Arbeitet auch noch mit einer Axt im Bein an Ihrer Analyse.<\/p>\n<p>[\/et_pb_blurb][\/et_pb_column][et_pb_column type=&#8220;1_2&#8243; admin_label=&#8220;alias&#8220; _builder_version=&#8220;4.16&#8243; _module_preset=&#8220;default&#8220; global_colors_info=&#8220;{}&#8220;][et_pb_image src=&#8220;https:\/\/hardt-group.com\/wp-content\/uploads\/2020\/08\/triangle_stripes_04.png&#8220; title_text=&#8220;triangle_stripes_04&#8243; _builder_version=&#8220;4.16&#8243; _module_preset=&#8220;default&#8220; transform_scale=&#8220;220%|220%&#8220; transform_scale_tablet=&#8220;&#8220; transform_scale_phone=&#8220;&#8220; transform_scale_last_edited=&#8220;on|desktop&#8220; transform_translate=&#8220;108px|24px&#8220; transform_translate_tablet=&#8220;373px|-19px&#8220; transform_translate_phone=&#8220;58px|16px&#8220; transform_translate_last_edited=&#8220;on|tablet&#8220; transform_rotate_tablet=&#8220;&#8220; transform_rotate_phone=&#8220;&#8220; transform_rotate_last_edited=&#8220;on|desktop&#8220; transform_skew_tablet=&#8220;&#8220; transform_skew_phone=&#8220;&#8220; transform_skew_last_edited=&#8220;on|desktop&#8220; transform_origin_tablet=&#8220;&#8220; transform_origin_phone=&#8220;&#8220; transform_origin_last_edited=&#8220;on|desktop&#8220; transform_styles_last_edited=&#8220;on|tablet&#8220; position_origin_r=&#8220;bottom_left&#8220; width=&#8220;100%&#8220; transform_styles_tablet=&#8220;&#8220; transform_styles_phone=&#8220;&#8220; global_colors_info=&#8220;{}&#8220;][\/et_pb_image][\/et_pb_column][\/et_pb_row][\/et_pb_section]<\/p>\n","protected":false},"excerpt":{"rendered":"<p>WIR KENNEN UNS AUS.Wir alle verf\u00fcgen \u00fcber langj\u00e4hrige Berufserfahrung in renommierten Beratungsunternehmen. Daher sind wir bestens vertraut mit den strukturellen, organisatorischen und zwischenmenschlichen Dynamiken in Transformations\u00adprozessen.\u00a0Und lassen uns nicht aus der Ruhe bringen.Gesch\u00e4ftsf\u00fchrer und Gr\u00fcnder von The Hardt Group. Verantwortungs\u00adtr\u00e4ger aus Leidenschaft. Hat in mehr als 20 Jahren hochkar\u00e4tiger Beratungsarbeit u. a. bei BCG schon [&hellip;]<\/p>\n","protected":false},"author":1,"featured_media":0,"parent":0,"menu_order":0,"comment_status":"closed","ping_status":"closed","template":"","meta":{"_et_pb_use_builder":"on","_et_pb_old_content":"","_et_gb_content_width":"","footnotes":""},"class_list":["post-39","page","type-page","status-publish","hentry"],"_links":{"self":[{"href":"http:\/\/hardt-group.com\/en\/wp-json\/wp\/v2\/pages\/39","targetHints":{"allow":["GET"]}}],"collection":[{"href":"http:\/\/hardt-group.com\/en\/wp-json\/wp\/v2\/pages"}],"about":[{"href":"http:\/\/hardt-group.com\/en\/wp-json\/wp\/v2\/types\/page"}],"author":[{"embeddable":true,"href":"http:\/\/hardt-group.com\/en\/wp-json\/wp\/v2\/users\/1"}],"replies":[{"embeddable":true,"href":"http:\/\/hardt-group.com\/en\/wp-json\/wp\/v2\/comments?post=39"}],"version-history":[{"count":100,"href":"http:\/\/hardt-group.com\/en\/wp-json\/wp\/v2\/pages\/39\/revisions"}],"predecessor-version":[{"id":2976,"href":"http:\/\/hardt-group.com\/en\/wp-json\/wp\/v2\/pages\/39\/revisions\/2976"}],"wp:attachment":[{"href":"http:\/\/hardt-group.com\/en\/wp-json\/wp\/v2\/media?parent=39"}],"curies":[{"name":"wp","href":"https:\/\/api.w.org\/{rel}","templated":true}]}}