{"id":2789,"date":"2023-02-25T11:51:50","date_gmt":"2023-02-25T10:51:50","guid":{"rendered":"https:\/\/hardt-group.com\/?page_id=2789"},"modified":"2026-02-25T16:55:00","modified_gmt":"2026-02-25T15:55:00","slug":"pmispective-expert-talk","status":"publish","type":"page","link":"https:\/\/hardt-group.com\/en\/post-merger-integration\/pmispective-expert-talk\/","title":{"rendered":"PMIspective &#8211; Expert Talk"},"content":{"rendered":"<p>[et_pb_section fb_built=&#8220;1&#8243; _builder_version=&#8220;4.16&#8243; _module_preset=&#8220;default&#8220; collapsed=&#8220;off&#8220; global_colors_info=&#8220;{}&#8220;][et_pb_row _builder_version=&#8220;4.16&#8243; custom_margin=&#8220;0px||0px||true|false&#8220; custom_padding=&#8220;0px||0px||true|false&#8220; global_colors_info=&#8220;{}&#8220;][et_pb_column type=&#8220;4_4&#8243; _builder_version=&#8220;4.16&#8243; global_colors_info=&#8220;{}&#8220;][et_pb_text admin_label=&#8220;Text DE&#8220; _builder_version=&#8220;4.18.1&#8243; text_font=&#8220;||||||||&#8220; header_font=&#8220;||||||||&#8220; header_text_align=&#8220;center&#8220; custom_margin=&#8220;20px||||false|false&#8220; global_colors_info=&#8220;{}&#8220;]<\/p>\n<h1 class=\"et_pb_module_header et-fb-editable-element et-fb-editable-element__editing\" contenteditable=\"true\" data-shortcode-id=\"0.0-1604610546632\" data-quickaccess-id=\"title\">PMI spective.<\/h1>\n<p>[\/et_pb_text][et_pb_text _builder_version=&#8220;4.18.1&#8243; text_text_color=&#8220;#a8a8a8&#8243; text_orientation=&#8220;center&#8220; global_colors_info=&#8220;{}&#8220;]<\/p>\n<p>Sie stehen kurz vor oder stecken mitten in einer Post-Merger-Integration?<br \/>Hier treffen sich Interessierte \u2013 Erfahrene \u2013 Experten.<br \/>Einmal im Monat \u2013 Mittwochs von 13:00 bis 13:40.<\/p>\n<p>[\/et_pb_text][et_pb_text _builder_version=&#8220;4.18.1&#8243; text_font=&#8220;|||on|||||&#8220; text_orientation=&#8220;center&#8220; custom_margin=&#8220;100px||||false|false&#8220; global_colors_info=&#8220;{}&#8220;]<\/p>\n<h5>40 Minuten Expertenwissen \u00fcber erfolgreiche Post-Merger-Integration.<\/h5>\n<p>[\/et_pb_text][\/et_pb_column][\/et_pb_row][\/et_pb_section][et_pb_section fb_built=&#8220;1&#8243; _builder_version=&#8220;4.16&#8243; collapsed=&#8220;off&#8220; global_colors_info=&#8220;{}&#8220;][et_pb_row column_structure=&#8220;1_2,1_2&#8243; admin_label=&#8220;Row bkg elements&#8220; _builder_version=&#8220;4.16&#8243; _module_preset=&#8220;default&#8220; positioning=&#8220;absolute&#8220; horizontal_offset=&#8220;0px&#8220; width=&#8220;100%&#8220; max_width=&#8220;100%&#8220; global_colors_info=&#8220;{}&#8220;][et_pb_column type=&#8220;1_2&#8243; _builder_version=&#8220;4.16&#8243; _module_preset=&#8220;default&#8220; global_colors_info=&#8220;{}&#8220;][et_pb_image src=&#8220;https:\/\/hardt-group.com\/wp-content\/uploads\/2020\/08\/triangle_stripes_02.png&#8220; title_text=&#8220;triangle_stripes_02&#8243; _builder_version=&#8220;4.16&#8243; _module_preset=&#8220;default&#8220; transform_scale=&#8220;150%|150%&#8220; transform_origin=&#8220;0%|50%&#8220; global_colors_info=&#8220;{}&#8220;][\/et_pb_image][\/et_pb_column][et_pb_column type=&#8220;1_2&#8243; _builder_version=&#8220;4.16&#8243; _module_preset=&#8220;default&#8220; global_colors_info=&#8220;{}&#8220;][et_pb_image src=&#8220;https:\/\/hardt-group.com\/wp-content\/uploads\/2020\/08\/triangle_stripes_06.png&#8220; title_text=&#8220;triangle_stripes_06&#8243; align=&#8220;right&#8220; _builder_version=&#8220;4.16&#8243; _module_preset=&#8220;default&#8220; transform_origin=&#8220;100%|50%&#8220; global_colors_info=&#8220;{}&#8220;][\/et_pb_image][\/et_pb_column][\/et_pb_row][et_pb_row column_structure=&#8220;2_5,3_5&#8243; _builder_version=&#8220;4.16&#8243; global_colors_info=&#8220;{}&#8220;][et_pb_column type=&#8220;2_5&#8243; _builder_version=&#8220;4.16&#8243; global_colors_info=&#8220;{}&#8220;][et_pb_text _builder_version=&#8220;4.18.1&#8243; global_colors_info=&#8220;{}&#8220;]<\/p>\n<h1>Was passiert<span style=\"color: #f02887;\">?<\/span><\/h1>\n<p>Wir treffen uns virtuell zu einer interaktiven Gespr\u00e4chsrunde. Damit uns nicht der Gespr\u00e4chsstoff ausgeht, nehmen wir uns jeweils ein Vertiefungsthema vor. Vor allem steht aber der Austausch zwischen allen Teilnehmern im Vordergrund. Auch wir PMI Experten k\u00f6nnen und wollen etwas lernen. Darum tauschen wir uns offen und unverbindlich aus und schmunzeln \u00fcber die eine oder andere Anekdote.<\/p>\n<p>[\/et_pb_text][et_pb_text _builder_version=&#8220;4.18.1&#8243; hover_enabled=&#8220;0&#8243; global_colors_info=&#8220;{}&#8220; sticky_enabled=&#8220;0&#8243;]<\/p>\n<h1>Die n\u00e4chsten Termine<span style=\"color: #f02887;\">?<\/span><\/h1>\n<p>Mittwoch <span style=\"color: #f02887;\">11. M\u00e4rz 2026 <\/span>von 13:00 &#8211; 13:40<\/p>\n<p>Mittwoch <span style=\"color: #f02887;\">22. April 2026 <\/span>von 13:00 &#8211; 13:40<\/p>\n<p>Mittwoch <span style=\"color: #f02887;\">3. Juni 2026 <\/span>von 13:00 &#8211; 13:40<\/p>\n<p>Mittwoch <span style=\"color: #f02887;\">15. Juli 2026<\/span>\u00a0von 13:00 &#8211; 13:40<\/p>\n<p>Mittwoch <span style=\"color: #f02887;\">9. September 2026<\/span>\u00a0von 13:00 &#8211; 13:40<\/p>\n<p>Mittwoch <span style=\"color: #f02887;\">14. Oktober 2026<\/span>\u00a0von 13:00 &#8211; 13:40<\/p>\n<p>Mittwoch <span style=\"color: #f02887;\">2. Dezember 2026<\/span>\u00a0von 13:00 &#8211; 13:40<\/p>\n<p>Mittwoch <span style=\"color: #f02887;\">3. Februar 2027<\/span>\u00a0von 13:00 &#8211; 13:40<\/p>\n<p>Mittwoch <span style=\"color: #f02887;\">17. M\u00e4rz 2027<\/span>\u00a0von 13:00 &#8211; 13:40<\/p>\n<p>[\/et_pb_text][\/et_pb_column][et_pb_column type=&#8220;3_5&#8243; _builder_version=&#8220;4.16&#8243; global_colors_info=&#8220;{}&#8220;][et_pb_text _builder_version=&#8220;4.18.1&#8243; global_colors_info=&#8220;{}&#8220;]<\/p>\n<h1>Der n\u00e4chste Expert Talk<span style=\"color: #f02887;\">:<\/span><\/h1>\n<p>[\/et_pb_text][et_pb_blog posts_number=&#8220;1&#8243; include_categories=&#8220;66&#8243; excerpt_length=&#8220;100&#8243; show_author=&#8220;off&#8220; show_date=&#8220;off&#8220; show_categories=&#8220;off&#8220; show_pagination=&#8220;off&#8220; admin_label=&#8220;Current Event&#8220; _builder_version=&#8220;4.18.1&#8243; _module_preset=&#8220;default&#8220; global_colors_info=&#8220;{}&#8220;][\/et_pb_blog][\/et_pb_column][\/et_pb_row][et_pb_row column_structure=&#8220;2_3,1_3&#8243; _builder_version=&#8220;4.18.1&#8243; global_colors_info=&#8220;{}&#8220;][et_pb_column type=&#8220;2_3&#8243; _builder_version=&#8220;4.16&#8243; global_colors_info=&#8220;{}&#8220;][et_pb_text _builder_version=&#8220;4.18.1&#8243; global_colors_info=&#8220;{}&#8220;]<\/p>\n<h1>Mehr Post Merger Integration<span style=\"color: #f02887;\">?<\/span><\/h1>\n<p>Stay tuned<span style=\"color: #f02887;\">!<\/span><\/p>\n<p>[\/et_pb_text][\/et_pb_column][et_pb_column type=&#8220;1_3&#8243; _builder_version=&#8220;4.16&#8243; _module_preset=&#8220;default&#8220; global_colors_info=&#8220;{}&#8220;][\/et_pb_column][\/et_pb_row][et_pb_row column_structure=&#8220;1_2,1_2&#8243; admin_label=&#8220;Row bkg elements&#8220; _builder_version=&#8220;4.16&#8243; _module_preset=&#8220;default&#8220; positioning=&#8220;absolute&#8220; position_origin_a=&#8220;center_left&#8220; horizontal_offset=&#8220;0px&#8220; width=&#8220;100%&#8220; max_width=&#8220;100%&#8220; global_colors_info=&#8220;{}&#8220;][et_pb_column type=&#8220;1_2&#8243; _builder_version=&#8220;4.16&#8243; _module_preset=&#8220;default&#8220; global_colors_info=&#8220;{}&#8220;][et_pb_image src=&#8220;https:\/\/hardt-group.com\/wp-content\/uploads\/2020\/08\/triangle_stripes_04.png&#8220; title_text=&#8220;triangle_stripes_04&#8243; _builder_version=&#8220;4.16&#8243; _module_preset=&#8220;default&#8220; transform_scale=&#8220;150%|150%&#8220; transform_origin=&#8220;0%|50%&#8220; global_colors_info=&#8220;{}&#8220;][\/et_pb_image][\/et_pb_column][et_pb_column type=&#8220;1_2&#8243; _builder_version=&#8220;4.16&#8243; _module_preset=&#8220;default&#8220; global_colors_info=&#8220;{}&#8220;][et_pb_image src=&#8220;https:\/\/hardt-group.com\/wp-content\/uploads\/2020\/08\/triangle_stripes_05.png&#8220; title_text=&#8220;triangle_stripes_05&#8243; align=&#8220;right&#8220; _builder_version=&#8220;4.16&#8243; _module_preset=&#8220;default&#8220; transform_scale=&#8220;180%|180%&#8220; transform_origin=&#8220;100%|50%&#8220; global_colors_info=&#8220;{}&#8220;][\/et_pb_image][\/et_pb_column][\/et_pb_row][et_pb_row column_structure=&#8220;3_5,2_5&#8243; _builder_version=&#8220;4.16&#8243; global_colors_info=&#8220;{}&#8220;][et_pb_column type=&#8220;3_5&#8243; _builder_version=&#8220;4.16&#8243; global_colors_info=&#8220;{}&#8220;][\/et_pb_column][et_pb_column type=&#8220;2_5&#8243; _builder_version=&#8220;4.16&#8243; global_colors_info=&#8220;{}&#8220;][\/et_pb_column][\/et_pb_row][\/et_pb_section]<\/p>\n","protected":false},"excerpt":{"rendered":"<p>PMI spective.Sie stehen kurz vor oder stecken mitten in einer Post-Merger-Integration?Hier treffen sich Interessierte \u2013 Erfahrene \u2013 Experten.Einmal im Monat \u2013 Mittwochs von 13:00 bis 13:40.40 Minuten Expertenwissen \u00fcber erfolgreiche Post-Merger-Integration.Was passiert? Wir treffen uns virtuell zu einer interaktiven Gespr\u00e4chsrunde. Damit uns nicht der Gespr\u00e4chsstoff ausgeht, nehmen wir uns jeweils ein Vertiefungsthema vor. Vor allem [&hellip;]<\/p>\n","protected":false},"author":3,"featured_media":0,"parent":2786,"menu_order":0,"comment_status":"closed","ping_status":"closed","template":"","meta":{"_et_pb_use_builder":"on","_et_pb_old_content":"","_et_gb_content_width":"","footnotes":""},"class_list":["post-2789","page","type-page","status-publish","hentry"],"_links":{"self":[{"href":"https:\/\/hardt-group.com\/en\/wp-json\/wp\/v2\/pages\/2789","targetHints":{"allow":["GET"]}}],"collection":[{"href":"https:\/\/hardt-group.com\/en\/wp-json\/wp\/v2\/pages"}],"about":[{"href":"https:\/\/hardt-group.com\/en\/wp-json\/wp\/v2\/types\/page"}],"author":[{"embeddable":true,"href":"https:\/\/hardt-group.com\/en\/wp-json\/wp\/v2\/users\/3"}],"replies":[{"embeddable":true,"href":"https:\/\/hardt-group.com\/en\/wp-json\/wp\/v2\/comments?post=2789"}],"version-history":[{"count":35,"href":"https:\/\/hardt-group.com\/en\/wp-json\/wp\/v2\/pages\/2789\/revisions"}],"predecessor-version":[{"id":3085,"href":"https:\/\/hardt-group.com\/en\/wp-json\/wp\/v2\/pages\/2789\/revisions\/3085"}],"up":[{"embeddable":true,"href":"https:\/\/hardt-group.com\/en\/wp-json\/wp\/v2\/pages\/2786"}],"wp:attachment":[{"href":"https:\/\/hardt-group.com\/en\/wp-json\/wp\/v2\/media?parent=2789"}],"curies":[{"name":"wp","href":"https:\/\/api.w.org\/{rel}","templated":true}]}}