{"id":45,"date":"2020-12-15T11:50:27","date_gmt":"2020-12-15T10:50:27","guid":{"rendered":"https:\/\/hardt-group.com\/?page_id=45"},"modified":"2023-01-13T09:06:37","modified_gmt":"2023-01-13T08:06:37","slug":"principles","status":"publish","type":"page","link":"https:\/\/hardt-group.com\/en\/principles\/","title":{"rendered":"Principles"},"content":{"rendered":"<p>[et_pb_section fb_built=&#8220;1&#8243; _builder_version=&#8220;4.16&#8243; _module_preset=&#8220;default&#8220; collapsed=&#8220;on&#8220; global_colors_info=&#8220;{}&#8220;][et_pb_row _builder_version=&#8220;4.16&#8243; custom_margin=&#8220;0px||0px||true|false&#8220; custom_padding=&#8220;0px||0px||true|false&#8220; global_colors_info=&#8220;{}&#8220;][et_pb_column type=&#8220;4_4&#8243; _builder_version=&#8220;4.16&#8243; global_colors_info=&#8220;{}&#8220;][et_pb_text admin_label=&#8220;Text DE&#8220; _builder_version=&#8220;4.16&#8243; header_text_align=&#8220;center&#8220; custom_margin=&#8220;20px||||false|false&#8220; global_colors_info=&#8220;{}&#8220;]<\/p>\n<h1 class=\"et_pb_module_header et-fb-editable-element et-fb-editable-element__editing\" contenteditable=\"true\" data-shortcode-id=\"0.0-1604610546632\" data-quickaccess-id=\"title\">SIE SIND DER DRAMATURG IHRER<br \/>\nTRANSFORMATION.<\/h1>\n<p>[\/et_pb_text][et_pb_text _builder_version=&#8220;4.16&#8243; text_text_color=&#8220;#a8a8a8&#8243; text_orientation=&#8220;center&#8220; global_colors_info=&#8220;{}&#8220;]Wandel braucht System. Nur wenn Sie einen klaren Plan haben, landen Sie mit einer Ver\u00e4nderung auch dort, wo sie ankommen m\u00f6chten. Wir helfen Ihnen, den Erfolg Ihres Transformationsprozesses zu sichern, indem wir gemeinsam mit Ihnen einen Plan auf die Beine stellen. Und dann setzen wir ihn zusammen Schritt f\u00fcr Schritt um.<br \/>\n[\/et_pb_text][et_pb_text _builder_version=&#8220;4.16&#8243; text_font=&#8220;|||on|||||&#8220; text_orientation=&#8220;center&#8220; custom_margin=&#8220;100px||||false|false&#8220; global_colors_info=&#8220;{}&#8220;]<\/p>\n<h5>Hier sind ein paar Tipps f\u00fcr Sie von uns alten Beratungshasen.<\/h5>\n<p>[\/et_pb_text][\/et_pb_column][\/et_pb_row][\/et_pb_section][et_pb_section fb_built=&#8220;1&#8243; _builder_version=&#8220;4.16&#8243; collapsed=&#8220;on&#8220; global_colors_info=&#8220;{}&#8220;][et_pb_row column_structure=&#8220;1_2,1_2&#8243; admin_label=&#8220;Row bkg elements&#8220; _builder_version=&#8220;4.16&#8243; _module_preset=&#8220;default&#8220; positioning=&#8220;absolute&#8220; horizontal_offset=&#8220;0px&#8220; width=&#8220;100%&#8220; max_width=&#8220;100%&#8220; global_colors_info=&#8220;{}&#8220;][et_pb_column type=&#8220;1_2&#8243; _builder_version=&#8220;4.16&#8243; _module_preset=&#8220;default&#8220; global_colors_info=&#8220;{}&#8220;][et_pb_image src=&#8220;https:\/\/hardt-group.com\/wp-content\/uploads\/2020\/08\/triangle_stripes_02.png&#8220; title_text=&#8220;triangle_stripes_02&#8243; _builder_version=&#8220;4.16&#8243; _module_preset=&#8220;default&#8220; transform_scale=&#8220;150%|150%&#8220; transform_origin=&#8220;0%|50%&#8220; global_colors_info=&#8220;{}&#8220;][\/et_pb_image][\/et_pb_column][et_pb_column type=&#8220;1_2&#8243; _builder_version=&#8220;4.16&#8243; _module_preset=&#8220;default&#8220; global_colors_info=&#8220;{}&#8220;][et_pb_image src=&#8220;https:\/\/hardt-group.com\/wp-content\/uploads\/2020\/08\/triangle_stripes_06.png&#8220; title_text=&#8220;triangle_stripes_06&#8243; align=&#8220;right&#8220; _builder_version=&#8220;4.16&#8243; _module_preset=&#8220;default&#8220; transform_origin=&#8220;100%|50%&#8220; global_colors_info=&#8220;{}&#8220;][\/et_pb_image][\/et_pb_column][\/et_pb_row][et_pb_row column_structure=&#8220;2_5,3_5&#8243; _builder_version=&#8220;4.16&#8243; global_colors_info=&#8220;{}&#8220;][et_pb_column type=&#8220;2_5&#8243; _builder_version=&#8220;4.16&#8243; global_colors_info=&#8220;{}&#8220;][et_pb_text _builder_version=&#8220;4.16&#8243; global_colors_info=&#8220;{}&#8220;]<\/p>\n<h1>Erst aufr\u00e4umen<span style=\"color: #f02887;\">,<\/span> dann umr\u00e4umen<span style=\"color: #f02887;\">.<\/span><\/h1>\n<p>Ein guter Plan ist nichts wert ohne eine gute Planung. Und diese beginnt mit dem genauen Hinschauen. Wir strukturieren Ihren Integrationsprozess passgenau und individuell f\u00fcr Ihr Unternehmen und setzen ihn dann in kleinen Etappen mit Ihnen zusammen um. Ganz souver\u00e4n und entspannt. Und genau so kommen Sie dann auch r\u00fcber.<br \/>\n[\/et_pb_text][\/et_pb_column][et_pb_column type=&#8220;3_5&#8243; _builder_version=&#8220;4.16&#8243; global_colors_info=&#8220;{}&#8220;][et_pb_text _builder_version=&#8220;4.16&#8243; global_colors_info=&#8220;{}&#8220;]<\/p>\n<h1>Man muss nicht erst jeden Stein umdrehen<span style=\"color: #f02887;\">,<\/span> bevor man ihn ins Rollen bringt<span style=\"color: #f02887;\">.<\/span><\/h1>\n<p>Schauen Sie sich Ihr Unternehmen genau an. Aber nicht im typischen 360-Grad-Review, denn der ist in den meisten F\u00e4llen schlicht \u00fcbertrieben. Stattdessen bestimmen Sie Kernpersonen in Ihrem Unternehmen, mit denen wir in zwei, drei Workshops erst einmal die kritischen Bereiche Ihrer Organisation identifizieren. Dort starten wir dann mit unserer fokussierten Analyse.<br \/>\n[\/et_pb_text][\/et_pb_column][\/et_pb_row][et_pb_row column_structure=&#8220;1_2,1_2&#8243; _builder_version=&#8220;4.16&#8243; global_colors_info=&#8220;{}&#8220;][et_pb_column type=&#8220;1_2&#8243; _builder_version=&#8220;4.16&#8243; global_colors_info=&#8220;{}&#8220;][et_pb_text _builder_version=&#8220;4.16&#8243; global_colors_info=&#8220;{}&#8220;]<\/p>\n<h1><span style=\"color: #233255;\">Schauen Sie, was Sie brauchen und nicht blo\u00df<span style=\"color: #f02887;\">,<\/span> was Ihnen gut steht<span style=\"color: #f02887;\">.<\/span><\/span><\/h1>\n<p>Ihre strategischen Entscheidungen sollen Ihr Unternehmen weiterbringen und nicht blo\u00df Ihr Ego. Gro\u00dfe Namen helfen niemandem weiter, wenn sie nicht zu Ihnen passen. Das gilt f\u00fcr alles \u2013 von der Beauftragung von Coaches bis hin zu Unter\u00adnehmens\u00adakquisitionen. Wir helfen Ihnen, die richtigen Gesch\u00e4ftspartner und Projekte zu erkennen, indem wir Transparenz schaffen. Denn schlie\u00dflich es ist doch viel sch\u00f6ner, mit eigenen unternehmerischen Erfolgen zu prahlen als mit denen Dritter.<br \/>\n[\/et_pb_text][\/et_pb_column][et_pb_column type=&#8220;1_2&#8243; _builder_version=&#8220;4.16&#8243; _module_preset=&#8220;default&#8220; global_colors_info=&#8220;{}&#8220;][et_pb_text _builder_version=&#8220;4.16&#8243; global_colors_info=&#8220;{}&#8220;]<\/p>\n<h1>Mit Bauchpinselei l\u00e4sst sich kein realistisches Bild skizzieren<span style=\"color: #f02887;\">.<\/span><\/h1>\n<p>Sie kennen Ihr Unternehmen wie ihre eigene Westentasche. Aber wir betrachten die gesamte Weste. Dabei fallen uns manchmal Dinge auf, die Sie noch nicht auf dem Schirm hatten. Seien Sie bitte darauf gefasst, dass wir Ihnen alles sagen, was Sie h\u00f6ren sollten und nicht nur das, was Sie h\u00f6ren m\u00f6chten. Wir nennen das: Verantwortung. Denn Schmeicheleien helfen h\u00f6chstens uns selbst weiter.<br \/>\n[\/et_pb_text][\/et_pb_column][\/et_pb_row][et_pb_row column_structure=&#8220;1_2,1_2&#8243; admin_label=&#8220;Row bkg elements&#8220; _builder_version=&#8220;4.16&#8243; _module_preset=&#8220;default&#8220; positioning=&#8220;absolute&#8220; position_origin_a=&#8220;center_left&#8220; horizontal_offset=&#8220;0px&#8220; width=&#8220;100%&#8220; max_width=&#8220;100%&#8220; global_colors_info=&#8220;{}&#8220;][et_pb_column type=&#8220;1_2&#8243; _builder_version=&#8220;4.16&#8243; _module_preset=&#8220;default&#8220; global_colors_info=&#8220;{}&#8220;][et_pb_image src=&#8220;https:\/\/hardt-group.com\/wp-content\/uploads\/2020\/08\/triangle_stripes_04.png&#8220; title_text=&#8220;triangle_stripes_04&#8243; _builder_version=&#8220;4.16&#8243; _module_preset=&#8220;default&#8220; transform_scale=&#8220;150%|150%&#8220; transform_origin=&#8220;0%|50%&#8220; global_colors_info=&#8220;{}&#8220;][\/et_pb_image][\/et_pb_column][et_pb_column type=&#8220;1_2&#8243; _builder_version=&#8220;4.16&#8243; _module_preset=&#8220;default&#8220; global_colors_info=&#8220;{}&#8220;][et_pb_image src=&#8220;https:\/\/hardt-group.com\/wp-content\/uploads\/2020\/08\/triangle_stripes_05.png&#8220; title_text=&#8220;triangle_stripes_05&#8243; align=&#8220;right&#8220; _builder_version=&#8220;4.16&#8243; _module_preset=&#8220;default&#8220; transform_scale=&#8220;180%|180%&#8220; transform_origin=&#8220;100%|50%&#8220; global_colors_info=&#8220;{}&#8220;][\/et_pb_image][\/et_pb_column][\/et_pb_row][et_pb_row column_structure=&#8220;3_5,2_5&#8243; _builder_version=&#8220;4.16&#8243; global_colors_info=&#8220;{}&#8220;][et_pb_column type=&#8220;3_5&#8243; _builder_version=&#8220;4.16&#8243; global_colors_info=&#8220;{}&#8220;][et_pb_text _builder_version=&#8220;4.16&#8243; global_colors_info=&#8220;{}&#8220;]<\/p>\n<h1>Vergessen Sie vor lauter Saat die Ernte nicht<span style=\"color: #f02887;\">.<\/span><\/h1>\n<p>\u00dcberlegen Sie schon von Anfang an, welche Werte Sie wann und wie sch\u00f6pfen k\u00f6nnen. Sonst ziehen wom\u00f6glich Chancen ungenutzt an Ihnen vorbei, weil Sie nicht schnell genug reagieren k\u00f6nnen. Wir haben den Blick f\u00fcr das richtige Timing und sorgen daf\u00fcr, dass alles bereitsteht, wenn Ihr Huhn goldene Eier legt.<br \/>\n[\/et_pb_text][\/et_pb_column][et_pb_column type=&#8220;2_5&#8243; _builder_version=&#8220;4.16&#8243; global_colors_info=&#8220;{}&#8220;][et_pb_text _builder_version=&#8220;4.16&#8243; global_colors_info=&#8220;{}&#8220;]<\/p>\n<h1>Lassen Sie Ihre Kontakte spielen<span style=\"color: #f02887;\">.<\/span> Oder unsere<span style=\"color: #f02887;\">.<\/span><\/h1>\n<p>Ein gro\u00dfes Netzwerk ist Gold wert. Und je l\u00e4nger man im Gesch\u00e4ft ist, desto gr\u00f6\u00dfer wird das Netzwerk. Die gute Nachricht ist: Wir sind quasi Dinosaurier in unseren Branchen. Nutzen Sie unsere langj\u00e4hrige Erfahrung, um sich Netzwerke zu er\u00f6ffnen, auf die Sie sonst keinen Zugriff h\u00e4tten.<br \/>\n[\/et_pb_text][\/et_pb_column][\/et_pb_row][et_pb_row column_structure=&#8220;2_5,3_5&#8243; _builder_version=&#8220;4.16&#8243; global_colors_info=&#8220;{}&#8220;][et_pb_column type=&#8220;2_5&#8243; _builder_version=&#8220;4.16&#8243; global_colors_info=&#8220;{}&#8220;][et_pb_text _builder_version=&#8220;4.16&#8243; global_colors_info=&#8220;{}&#8220;]<\/p>\n<h1>Verschwiegenheit schafft Vertrauen<span style=\"color: #f02887;\">.<\/span><\/h1>\n<p>Diskretion ist unser oberstes Gebot. Ihre Einsch\u00e4tz\u00adungen und Bedenken kommunizieren wir, ohne sie auszuplaudern. Wir nennen keine Namen und sind trotzdem pers\u00f6nlich. Wir involvieren nur die absolut notwendigen Personen und haben trotzdem den \u00dcberblick. Denn Vertrauen kann nur dann entstehen, wenn leise T\u00f6ne den Takt bestimmen. Und das ist unsere Spezialit\u00e4t.<br \/>\n[\/et_pb_text][\/et_pb_column][et_pb_column type=&#8220;3_5&#8243; _builder_version=&#8220;4.16&#8243; global_colors_info=&#8220;{}&#8220;][et_pb_text _builder_version=&#8220;4.16&#8243; global_colors_info=&#8220;{}&#8220;]<\/p>\n<h1>Wer zusammen wachsen will<span style=\"color: #f02887;\">,<\/span> muss zusammen\u00adwachsen<span style=\"color: #f02887;\">.<\/span><\/h1>\n<p>Der Erfolg eines Transformationsprozesses h\u00e4ngt zu einem gro\u00dfen Teil davon ab, dass alle Beteiligten ihn mittragen. Dazu m\u00fcssen Sie alle Organisations\u00adeinheiten auf eine Linie bringen. Wir sorgen daf\u00fcr, dass dabei die Chemie stimmt. Das tun wir, indem wir m\u00f6glichst schnell gemeinsame Teams bilden und verschiedene Bereiche miteinander verzahnen. Hier ist Fingerspitzengef\u00fchl gefragt. Dann lassen sich von vornherein nicht nur Synergien erzeugen und \u00c4ngste vermeiden, sondern es entsteht ein Gemein\u00adschafts\u00adgef\u00fchl unter den Mitarbeitern. Und das brauchen Sie, um gesund durch den Wandel zu kommen.<br \/>\n[\/et_pb_text][\/et_pb_column][\/et_pb_row][\/et_pb_section]<\/p>\n","protected":false},"excerpt":{"rendered":"<p>SIE SIND DER DRAMATURG IHRER TRANSFORMATION. Wandel braucht System. Nur wenn Sie einen klaren Plan haben, landen Sie mit einer Ver\u00e4nderung auch dort, wo sie ankommen m\u00f6chten. Wir helfen Ihnen, den Erfolg Ihres Transformationsprozesses zu sichern, indem wir gemeinsam mit Ihnen einen Plan auf die Beine stellen. Und dann setzen wir ihn zusammen Schritt f\u00fcr [&hellip;]<\/p>\n","protected":false},"author":1,"featured_media":0,"parent":0,"menu_order":0,"comment_status":"closed","ping_status":"closed","template":"","meta":{"_et_pb_use_builder":"on","_et_pb_old_content":"","_et_gb_content_width":"","footnotes":""},"class_list":["post-45","page","type-page","status-publish","hentry"],"_links":{"self":[{"href":"https:\/\/hardt-group.com\/en\/wp-json\/wp\/v2\/pages\/45","targetHints":{"allow":["GET"]}}],"collection":[{"href":"https:\/\/hardt-group.com\/en\/wp-json\/wp\/v2\/pages"}],"about":[{"href":"https:\/\/hardt-group.com\/en\/wp-json\/wp\/v2\/types\/page"}],"author":[{"embeddable":true,"href":"https:\/\/hardt-group.com\/en\/wp-json\/wp\/v2\/users\/1"}],"replies":[{"embeddable":true,"href":"https:\/\/hardt-group.com\/en\/wp-json\/wp\/v2\/comments?post=45"}],"version-history":[{"count":60,"href":"https:\/\/hardt-group.com\/en\/wp-json\/wp\/v2\/pages\/45\/revisions"}],"predecessor-version":[{"id":2743,"href":"https:\/\/hardt-group.com\/en\/wp-json\/wp\/v2\/pages\/45\/revisions\/2743"}],"wp:attachment":[{"href":"https:\/\/hardt-group.com\/en\/wp-json\/wp\/v2\/media?parent=45"}],"curies":[{"name":"wp","href":"https:\/\/api.w.org\/{rel}","templated":true}]}}